{"id":222,"date":"2017-02-16T17:02:45","date_gmt":"2017-02-16T16:02:45","guid":{"rendered":"http:\/\/www.wienerwaldkraxler.at\/windbacher-sport.at\/?page_id=222"},"modified":"2023-12-30T11:57:57","modified_gmt":"2023-12-30T10:57:57","slug":"sportwissenschaftliche-beratung","status":"publish","type":"page","link":"http:\/\/www.wienerwaldkraxler.at\/windbacher-sport.at\/?page_id=222","title":{"rendered":"Sportwissenschaftliche Beratung"},"content":{"rendered":"<p>Was m\u00fcssen Sie vor Trainingsbeginn beachten?<\/p>\n<p>Wie k\u00f6nnen Sie das Training sinnvoll in Ihren Alltag integrieren?<\/p>\n<p>Welche Trainingsgrunds\u00e4tze sind f\u00fcr ein erfolgreiches Trainingsprogramm zu beachten?<\/p>\n<p>Welcher Zeitaufwand ist f\u00fcr die Erreichung Ihres Zieles in etwa erforderlich?<\/p>\n<p>Diese beispielhaften Fragestellungen werde ich mit Ihnen gemeinsam in einem ersten Beratungsgespr\u00e4ch beantworten.<\/p>\n<p>Investition: 80,-<\/p>\n","protected":false},"excerpt":{"rendered":"<p>Was m\u00fcssen Sie vor Trainingsbeginn beachten? Wie k\u00f6nnen Sie das Training sinnvoll in Ihren Alltag integrieren? Welche Trainingsgrunds\u00e4tze sind f\u00fcr ein erfolgreiches Trainingsprogramm zu beachten? Welcher Zeitaufwand ist f\u00fcr die Erreichung Ihres Zieles in etwa erforderlich? Diese beispielhaften Fragestellungen werde ich mit Ihnen gemeinsam in einem ersten Beratungsgespr\u00e4ch beantworten. Investition: 80,-<\/p>\n","protected":false},"author":1,"featured_media":0,"parent":96,"menu_order":0,"comment_status":"closed","ping_status":"closed","template":"","meta":[],"amp_validity":null,"amp_enabled":true,"_links":{"self":[{"href":"http:\/\/www.wienerwaldkraxler.at\/windbacher-sport.at\/index.php?rest_route=\/wp\/v2\/pages\/222"}],"collection":[{"href":"http:\/\/www.wienerwaldkraxler.at\/windbacher-sport.at\/index.php?rest_route=\/wp\/v2\/pages"}],"about":[{"href":"http:\/\/www.wienerwaldkraxler.at\/windbacher-sport.at\/index.php?rest_route=\/wp\/v2\/types\/page"}],"author":[{"embeddable":true,"href":"http:\/\/www.wienerwaldkraxler.at\/windbacher-sport.at\/index.php?rest_route=\/wp\/v2\/users\/1"}],"replies":[{"embeddable":true,"href":"http:\/\/www.wienerwaldkraxler.at\/windbacher-sport.at\/index.php?rest_route=%2Fwp%2Fv2%2Fcomments&post=222"}],"version-history":[{"count":7,"href":"http:\/\/www.wienerwaldkraxler.at\/windbacher-sport.at\/index.php?rest_route=\/wp\/v2\/pages\/222\/revisions"}],"predecessor-version":[{"id":357,"href":"http:\/\/www.wienerwaldkraxler.at\/windbacher-sport.at\/index.php?rest_route=\/wp\/v2\/pages\/222\/revisions\/357"}],"up":[{"embeddable":true,"href":"http:\/\/www.wienerwaldkraxler.at\/windbacher-sport.at\/index.php?rest_route=\/wp\/v2\/pages\/96"}],"wp:attachment":[{"href":"http:\/\/www.wienerwaldkraxler.at\/windbacher-sport.at\/index.php?rest_route=%2Fwp%2Fv2%2Fmedia&parent=222"}],"curies":[{"name":"wp","href":"https:\/\/api.w.org\/{rel}","templated":true}]}}